{"id":12338,"date":"2020-12-01T13:44:31","date_gmt":"2020-12-01T19:44:31","guid":{"rendered":"https:\/\/lospastelesdelaura.com\/?page_id=12338"},"modified":"2024-10-23T20:45:42","modified_gmt":"2024-10-24T02:45:42","slug":"testimonios","status":"publish","type":"page","link":"https:\/\/lospastelesdelaura.com\/en\/testimonios\/","title":{"rendered":"Testimonios"},"content":{"rendered":"<div class=\"wpb-content-wrapper\"><section data-vc-full-width=\"true\" data-vc-full-width-init=\"false\" class=\"vc_section vc_custom_1607033311200 vc_section-has-fill\"><div data-vc-full-width=\"true\" data-vc-full-width-init=\"false\" data-vc-stretch-content=\"true\" class=\"vc_row wpb_row vc_row-fluid vc_row-no-padding\"><div class=\"wpb_column vc_column_container vc_col-sm-12\"><div class=\"vc_column-inner\"><div class=\"wpb_wrapper\">\t\t\t<div id=\"wd-5f75fda7b877e\" class=\"woodmart-row-divider wd-5f75fda7b877e dvr-position-top dvr-style-sweet-wave\">\n\t\t\t\t<svg width=\"100%\" height=\"50px\" viewbox=\"0 0 1920 80\" xmlns=\"http:\/\/www.w3.org\/2000\/svg\" preserveaspectratio=\"none\">\n<path class=\"elementor-shape-fill\" d=\"M1920,60s-169.5,20-510,20S850.5,20,510,20,0,60,0,60V0H1920Z\" \/>\n<\/svg>\n\t\t\t\t\t\t\t<\/div>\n\t\t<\/div><\/div><\/div><\/div><div class=\"vc_row-full-width vc_clearfix\"><\/div><div data-vc-full-width=\"true\" data-vc-full-width-init=\"false\" class=\"vc_row wpb_row vc_row-fluid vc_custom_1601570650474\"><div class=\"wpb_column vc_column_container vc_col-sm-12\"><div class=\"vc_column-inner\"><div class=\"wpb_wrapper\">\t\t\n\t\t<div id=\"wd-5fc69ecdd881f\" class=\"title-wrapper  woodmart-title-color-default woodmart-title-style-underlined woodmart-title-width-60 text-center woodmart-title-size-custom\">\n\t\t\t\t\t\t\t<div class=\"title-subtitle  font-alt subtitle-style-default woodmart-font-weight-\">Testimonies of<\/div>\n\t\t\t\t\t\t\n\t\t\t<div class=\"liner-continer\">\n\t\t\t\t<span class=\"left-line\"><\/span>\n\t\t\t\t<h4 class=\"woodmart-title-container title  woodmart-font-weight-\" >Our Clients<\/h4>\t\t\t\t\t\t\t\t<span class=\"right-line\"><\/span>\n\t\t\t<\/div>\n\t\t\t\n\t\t\t\t\t\t\n\t\t\t\t\t<\/div>\n\t\t\n\t\t\t\t\t\n\t\t\t<div id=\"carousel-2065\" class=\"testimonials testimonials-wrapper testimonials-slider testimon-style-standard testimon-align-center testimon-text-size- testimon-with-rating  woodmart-carousel-container woodmart-carousel-spacing-30\" data-owl-carousel data-wrap=\"yes\" data-autoplay=\"yes\" data-hide_pagination_control=\"yes\" data-hide_prev_next_buttons=\"no\" data-center_mode=\"yes\" data-desktop=\"1\" data-tablet_landscape=\"1\" data-tablet=\"1\" data-mobile=\"1\">\n\t\t\t\t<div class=\"owl-carousel owl-items-lg-1 owl-items-md-1 owl-items-sm-1 owl-items-xs-1\" >\n\t\t\t\t\t\n\t\t\t<div class=\"testimonial column\" >\n\t\t\t\t<div class=\"testimonial-inner\">\n\t\t\t\t\t\t\t\t\t\t\t<div class=\"testimonial-avatar\">\n\t\t\t\t\t\t\t<img loading=\"lazy\" decoding=\"async\" width=\"300\" height=\"300\" src=\"https:\/\/lospastelesdelaura.com\/wp-content\/uploads\/2020\/12\/testimonio-1.jpg\" class=\"testimonial-avatar-image attachment-full\" alt=\"\" title=\"testimony-1\" \/>\t\t\t\t\t\t<\/div>\n\t\t\t\t\t\t\t\t\t\t<div class=\"testimonial-content\">\n\t\t\t\t\t\t<div class=\"testimonial-rating\">\n\t\t\t\t\t\t\t<span class=\"star-rating\">\n\t\t\t\t\t\t\t\t<span style=\"width:100%\"><\/span>\n\t\t\t\t\t\t\t<\/span>\n\t\t\t\t\t\t<\/div>\n\t\t\t\t\t\tOur favorite is the Banana Cake. Excellent service at the restaurant and now with much more affordable home delivery! HIGHLY RECOMMENDED!\t\t\t\t\t\t<footer>\n\t\t\t\t\t\t\tGlenda Silva\t\t\t\t\t\t\t\t\t\t\t\t\t<\/footer>\n\t\t\t\t\t<\/div>\n\t\t\t\t<\/div>\n\t\t\t<\/div>\n\n\t\t\n\t\t\t<div class=\"testimonial column\" >\n\t\t\t\t<div class=\"testimonial-inner\">\n\t\t\t\t\t\t\t\t\t\t\t<div class=\"testimonial-avatar\">\n\t\t\t\t\t\t\t<img loading=\"lazy\" decoding=\"async\" width=\"300\" height=\"300\" src=\"https:\/\/lospastelesdelaura.com\/wp-content\/uploads\/2020\/12\/testimonio-4.jpg\" class=\"testimonial-avatar-image attachment-full\" alt=\"\" title=\"testimony-4\" \/>\t\t\t\t\t\t<\/div>\n\t\t\t\t\t\t\t\t\t\t<div class=\"testimonial-content\">\n\t\t\t\t\t\t<div class=\"testimonial-rating\">\n\t\t\t\t\t\t\t<span class=\"star-rating\">\n\t\t\t\t\t\t\t\t<span style=\"width:100%\"><\/span>\n\t\t\t\t\t\t\t<\/span>\n\t\t\t\t\t\t<\/div>\n\t\t\t\t\t\tI want to acknowledge Pasteles Laura for their attention to service and fulfillment of what they promise.<\/p>\n<p>The truth is that my \u201ccustomer experience\u201d with them is extraordinary\u2026easy to contact, friendly treatment, do they understand my needs\u2026and the product??? Not to mention\u2026 Congratulations!!! Keep up the good work!!!\t\t\t\t\t\t<footer>\n\t\t\t\t\t\t\tArtemio Salinas Gonzalez\t\t\t\t\t\t\t\t\t\t\t\t\t<\/footer>\n\t\t\t\t\t<\/div>\n\t\t\t\t<\/div>\n\t\t\t<\/div>\n\n\t\t\n\t\t\t<div class=\"testimonial column\" >\n\t\t\t\t<div class=\"testimonial-inner\">\n\t\t\t\t\t\t\t\t\t\t\t<div class=\"testimonial-avatar\">\n\t\t\t\t\t\t\t<img loading=\"lazy\" decoding=\"async\" width=\"300\" height=\"300\" src=\"https:\/\/lospastelesdelaura.com\/wp-content\/uploads\/2020\/12\/testimonio-2.jpg\" class=\"testimonial-avatar-image attachment-full\" alt=\"\" title=\"testimony-2\" \/>\t\t\t\t\t\t<\/div>\n\t\t\t\t\t\t\t\t\t\t<div class=\"testimonial-content\">\n\t\t\t\t\t\t<div class=\"testimonial-rating\">\n\t\t\t\t\t\t\t<span class=\"star-rating\">\n\t\t\t\t\t\t\t\t<span style=\"width:100%\"><\/span>\n\t\t\t\t\t\t\t<\/span>\n\t\t\t\t\t\t<\/div>\n\t\t\t\t\t\tI am in Merida, Yucatan and they made it possible to pamper my best friend who is in Monterrey, Nuevo Leon. Incredible service, fair prices and delicious cakes.<\/p>\n<p>Thank you very much for taking care of the time, the detail, the attention, especially now, in hygiene protocols.\t\t\t\t\t\t<footer>\n\t\t\t\t\t\t\tEliza Castro Helmet\t\t\t\t\t\t\t\t\t\t\t\t\t<\/footer>\n\t\t\t\t\t<\/div>\n\t\t\t\t<\/div>\n\t\t\t<\/div>\n\n\t\t\n\t\t\t<div class=\"testimonial column\" >\n\t\t\t\t<div class=\"testimonial-inner\">\n\t\t\t\t\t\t\t\t\t\t\t<div class=\"testimonial-avatar\">\n\t\t\t\t\t\t\t<img loading=\"lazy\" decoding=\"async\" width=\"300\" height=\"300\" src=\"https:\/\/lospastelesdelaura.com\/wp-content\/uploads\/2020\/12\/testimonios-5.jpg\" class=\"testimonial-avatar-image attachment-full\" alt=\"\" title=\"testimonies-5\" \/>\t\t\t\t\t\t<\/div>\n\t\t\t\t\t\t\t\t\t\t<div class=\"testimonial-content\">\n\t\t\t\t\t\t<div class=\"testimonial-rating\">\n\t\t\t\t\t\t\t<span class=\"star-rating\">\n\t\t\t\t\t\t\t\t<span style=\"width:100%\"><\/span>\n\t\t\t\t\t\t\t<\/span>\n\t\t\t\t\t\t<\/div>\n\t\t\t\t\t\tVery friendly and delicious cakes\t\t\t\t\t\t<footer>\n\t\t\t\t\t\t\tArturo Lira\t\t\t\t\t\t\t\t\t\t\t\t\t<\/footer>\n\t\t\t\t\t<\/div>\n\t\t\t\t<\/div>\n\t\t\t<\/div>\n\n\t\t\n\t\t\t<div class=\"testimonial column\" >\n\t\t\t\t<div class=\"testimonial-inner\">\n\t\t\t\t\t\t\t\t\t\t\t<div class=\"testimonial-avatar\">\n\t\t\t\t\t\t\t<img loading=\"lazy\" decoding=\"async\" width=\"454\" height=\"454\" src=\"https:\/\/lospastelesdelaura.com\/wp-content\/uploads\/2020\/12\/testimonio-3.jpg\" class=\"testimonial-avatar-image attachment-full\" alt=\"\" title=\"testimony-3\" \/>\t\t\t\t\t\t<\/div>\n\t\t\t\t\t\t\t\t\t\t<div class=\"testimonial-content\">\n\t\t\t\t\t\t<div class=\"testimonial-rating\">\n\t\t\t\t\t\t\t<span class=\"star-rating\">\n\t\t\t\t\t\t\t\t<span style=\"width:100%\"><\/span>\n\t\t\t\t\t\t\t<\/span>\n\t\t\t\t\t\t<\/div>\n\t\t\t\t\t\tExcelente servicio. lo ped\u00ed desde la cd de M\u00e9xico y desde el inicio tuve una excelente atenci\u00f3n, pagu\u00e9 sin problema, me enviaron mi factura, entregaron a tiempo y me mandaron la evidencia de lo entregado y de recibido. mega recomendable. muchas gracias por el servicio\t\t\t\t\t\t<footer>\n\t\t\t\t\t\t\tLourdes Gonzalez Ramirez\t\t\t\t\t\t\t\t\t\t\t\t\t<\/footer>\n\t\t\t\t\t<\/div>\n\t\t\t\t<\/div>\n\t\t\t<\/div>\n\n\t\t\n\t\t\t<div class=\"testimonial column\" >\n\t\t\t\t<div class=\"testimonial-inner\">\n\t\t\t\t\t\t\t\t\t\t\t<div class=\"testimonial-avatar\">\n\t\t\t\t\t\t\t<img loading=\"lazy\" decoding=\"async\" width=\"300\" height=\"300\" src=\"https:\/\/lospastelesdelaura.com\/wp-content\/uploads\/2020\/12\/testimonio-012.jpg\" class=\"testimonial-avatar-image attachment-full\" alt=\"\" title=\"testimony-012\" \/>\t\t\t\t\t\t<\/div>\n\t\t\t\t\t\t\t\t\t\t<div class=\"testimonial-content\">\n\t\t\t\t\t\t<div class=\"testimonial-rating\">\n\t\t\t\t\t\t\t<span class=\"star-rating\">\n\t\t\t\t\t\t\t\t<span style=\"width:100%\"><\/span>\n\t\t\t\t\t\t\t<\/span>\n\t\t\t\t\t\t<\/div>\n\t\t\t\t\t\tOne of the most delicious cakes I have ever tried, which is why I keep going to buy from that place and it smells so delicious when you enter.\t\t\t\t\t\t<footer>\n\t\t\t\t\t\t\tAlejandro Garza Villanueva\t\t\t\t\t\t\t\t\t\t\t\t\t<\/footer>\n\t\t\t\t\t<\/div>\n\t\t\t\t<\/div>\n\t\t\t<\/div>\n\n\t\t\n\t\t\t<div class=\"testimonial column\" >\n\t\t\t\t<div class=\"testimonial-inner\">\n\t\t\t\t\t\t\t\t\t\t\t<div class=\"testimonial-avatar\">\n\t\t\t\t\t\t\t<img loading=\"lazy\" decoding=\"async\" width=\"1384\" height=\"1384\" src=\"https:\/\/lospastelesdelaura.com\/wp-content\/uploads\/2020\/12\/testimonio-6.jpg\" class=\"testimonial-avatar-image attachment-full\" alt=\"\" title=\"testimony-6\" \/>\t\t\t\t\t\t<\/div>\n\t\t\t\t\t\t\t\t\t\t<div class=\"testimonial-content\">\n\t\t\t\t\t\t<div class=\"testimonial-rating\">\n\t\t\t\t\t\t\t<span class=\"star-rating\">\n\t\t\t\t\t\t\t\t<span style=\"width:100%\"><\/span>\n\t\t\t\t\t\t\t<\/span>\n\t\t\t\t\t\t<\/div>\n\t\t\t\t\t\tExcellent presentation, they are very worth it. \u2728\u2728\t\t\t\t\t\t<footer>\n\t\t\t\t\t\t\tMarisol Ontiveros\t\t\t\t\t\t\t\t\t\t\t\t\t<\/footer>\n\t\t\t\t\t<\/div>\n\t\t\t\t<\/div>\n\t\t\t<\/div>\n\n\t\t\n\t\t\t<div class=\"testimonial column\" >\n\t\t\t\t<div class=\"testimonial-inner\">\n\t\t\t\t\t\t\t\t\t\t\t<div class=\"testimonial-avatar\">\n\t\t\t\t\t\t\t<img loading=\"lazy\" decoding=\"async\" width=\"300\" height=\"300\" src=\"https:\/\/lospastelesdelaura.com\/wp-content\/uploads\/2020\/12\/testimonio-7.jpg\" class=\"testimonial-avatar-image attachment-full\" alt=\"\" title=\"testimony-7\" \/>\t\t\t\t\t\t<\/div>\n\t\t\t\t\t\t\t\t\t\t<div class=\"testimonial-content\">\n\t\t\t\t\t\t<div class=\"testimonial-rating\">\n\t\t\t\t\t\t\t<span class=\"star-rating\">\n\t\t\t\t\t\t\t\t<span style=\"width:100%\"><\/span>\n\t\t\t\t\t\t\t<\/span>\n\t\t\t\t\t\t<\/div>\n\t\t\t\t\t\tI have been making these cakes for years and they are a tradition in my family. The best cakes without a doubt!!\t\t\t\t\t\t<footer>\n\t\t\t\t\t\t\tLaura Leticia Quiroga\t\t\t\t\t\t\t\t\t\t\t\t\t<\/footer>\n\t\t\t\t\t<\/div>\n\t\t\t\t<\/div>\n\t\t\t<\/div>\n\n\t\t\n\t\t\t<div class=\"testimonial column\" >\n\t\t\t\t<div class=\"testimonial-inner\">\n\t\t\t\t\t\t\t\t\t\t\t<div class=\"testimonial-avatar\">\n\t\t\t\t\t\t\t<img loading=\"lazy\" decoding=\"async\" width=\"300\" height=\"300\" src=\"https:\/\/lospastelesdelaura.com\/wp-content\/uploads\/2020\/12\/testimonio-8.jpg\" class=\"testimonial-avatar-image attachment-full\" alt=\"\" title=\"testimony-8\" \/>\t\t\t\t\t\t<\/div>\n\t\t\t\t\t\t\t\t\t\t<div class=\"testimonial-content\">\n\t\t\t\t\t\t<div class=\"testimonial-rating\">\n\t\t\t\t\t\t\t<span class=\"star-rating\">\n\t\t\t\t\t\t\t\t<span style=\"width:100%\"><\/span>\n\t\t\t\t\t\t\t<\/span>\n\t\t\t\t\t\t<\/div>\n\t\t\t\t\t\tTotal success! From the first contact via WhatsApp, the service was unbeatable... I had not had the opportunity to try their cakes, yesterday I bought 22 cupcakes for a party for my daughter&#039;s birthday... and it was a success...!!! Even without children&#039;s decorations, without filling... (I mean I bought the ones that were in the store)... the girls already loved them!!! We will definitely be back.\t\t\t\t\t\t<footer>\n\t\t\t\t\t\t\tKaty Lozano\t\t\t\t\t\t\t\t\t\t\t\t\t<\/footer>\n\t\t\t\t\t<\/div>\n\t\t\t\t<\/div>\n\t\t\t<\/div>\n\n\t\t\n\t\t\t<div class=\"testimonial column\" >\n\t\t\t\t<div class=\"testimonial-inner\">\n\t\t\t\t\t\t\t\t\t\t\t<div class=\"testimonial-avatar\">\n\t\t\t\t\t\t\t<img loading=\"lazy\" decoding=\"async\" width=\"300\" height=\"300\" src=\"https:\/\/lospastelesdelaura.com\/wp-content\/uploads\/2020\/12\/testimonio-9.jpg\" class=\"testimonial-avatar-image attachment-full\" alt=\"\" title=\"testimony-9\" \/>\t\t\t\t\t\t<\/div>\n\t\t\t\t\t\t\t\t\t\t<div class=\"testimonial-content\">\n\t\t\t\t\t\t<div class=\"testimonial-rating\">\n\t\t\t\t\t\t\t<span class=\"star-rating\">\n\t\t\t\t\t\t\t\t<span style=\"width:100%\"><\/span>\n\t\t\t\t\t\t\t<\/span>\n\t\t\t\t\t\t<\/div>\n\t\t\t\t\t\tPersonally, I love pineapple cake, it&#039;s delicious... it&#039;s the 3rd time I&#039;ve tried it and it always has a delicious flavor.\t\t\t\t\t\t<footer>\n\t\t\t\t\t\t\tAlejandra Mendoza\t\t\t\t\t\t\t\t\t\t\t\t\t<\/footer>\n\t\t\t\t\t<\/div>\n\t\t\t\t<\/div>\n\t\t\t<\/div>\n\n\t\t\n\t\t\t<div class=\"testimonial column\" >\n\t\t\t\t<div class=\"testimonial-inner\">\n\t\t\t\t\t\t\t\t\t\t\t<div class=\"testimonial-avatar\">\n\t\t\t\t\t\t\t<img loading=\"lazy\" decoding=\"async\" width=\"300\" height=\"300\" src=\"https:\/\/lospastelesdelaura.com\/wp-content\/uploads\/2020\/12\/testimonio-010.jpg\" class=\"testimonial-avatar-image attachment-full\" alt=\"\" title=\"testimony-010\" \/>\t\t\t\t\t\t<\/div>\n\t\t\t\t\t\t\t\t\t\t<div class=\"testimonial-content\">\n\t\t\t\t\t\t<div class=\"testimonial-rating\">\n\t\t\t\t\t\t\t<span class=\"star-rating\">\n\t\t\t\t\t\t\t\t<span style=\"width:100%\"><\/span>\n\t\t\t\t\t\t\t<\/span>\n\t\t\t\t\t\t<\/div>\n\t\t\t\t\t\tThe service they give you is the best and not to mention the flavor of the cakes! Highly recommended!\t\t\t\t\t\t<footer>\n\t\t\t\t\t\t\tKennya Avila\t\t\t\t\t\t\t\t\t\t\t\t\t<\/footer>\n\t\t\t\t\t<\/div>\n\t\t\t\t<\/div>\n\t\t\t<\/div>\n\n\t\t\n\t\t\t<div class=\"testimonial column\" >\n\t\t\t\t<div class=\"testimonial-inner\">\n\t\t\t\t\t\t\t\t\t\t\t<div class=\"testimonial-avatar\">\n\t\t\t\t\t\t\t<img loading=\"lazy\" decoding=\"async\" width=\"374\" height=\"374\" src=\"https:\/\/lospastelesdelaura.com\/wp-content\/uploads\/2020\/12\/testimonio-011.jpg\" class=\"testimonial-avatar-image attachment-full\" alt=\"\" title=\"testimony-011\" \/>\t\t\t\t\t\t<\/div>\n\t\t\t\t\t\t\t\t\t\t<div class=\"testimonial-content\">\n\t\t\t\t\t\t<div class=\"testimonial-rating\">\n\t\t\t\t\t\t\t<span class=\"star-rating\">\n\t\t\t\t\t\t\t\t<span style=\"width:100%\"><\/span>\n\t\t\t\t\t\t\t<\/span>\n\t\t\t\t\t\t<\/div>\n\t\t\t\t\t\tI love it. They are so kind. Their service is complete, you can surprise your loved one because they deliver a DELICIOUS CAKE to your home accompanied by balloons, cards and even cutlery. (Better than sending flowers) I wouldn&#039;t change bakeries.\t\t\t\t\t\t<footer>\n\t\t\t\t\t\t\tAnilu Mendez\t\t\t\t\t\t\t\t\t\t\t\t\t<\/footer>\n\t\t\t\t\t<\/div>\n\t\t\t\t<\/div>\n\t\t\t<\/div>\n\n\t\t\n\t\t\t<div class=\"testimonial column\" >\n\t\t\t\t<div class=\"testimonial-inner\">\n\t\t\t\t\t\t\t\t\t\t\t<div class=\"testimonial-avatar\">\n\t\t\t\t\t\t\t<img loading=\"lazy\" decoding=\"async\" width=\"266\" height=\"269\" src=\"https:\/\/lospastelesdelaura.com\/wp-content\/uploads\/2020\/12\/testtimonio-013.jpg\" class=\"testimonial-avatar-image attachment-full\" alt=\"\" title=\"Testimony-013\" \/>\t\t\t\t\t\t<\/div>\n\t\t\t\t\t\t\t\t\t\t<div class=\"testimonial-content\">\n\t\t\t\t\t\t<div class=\"testimonial-rating\">\n\t\t\t\t\t\t\t<span class=\"star-rating\">\n\t\t\t\t\t\t\t\t<span style=\"width:100%\"><\/span>\n\t\t\t\t\t\t\t<\/span>\n\t\t\t\t\t\t<\/div>\n\t\t\t\t\t\tExcellent service. The cake we ordered had a company logo and it turned out just as we imagined. The people who helped me with the quote via inbox and the one who helped me when I placed the order in person were very kind. The flavor was also excellent. I definitely recommend it.\t\t\t\t\t\t<footer>\n\t\t\t\t\t\t\tAdriana Trevino\t\t\t\t\t\t\t\t\t\t\t\t\t<\/footer>\n\t\t\t\t\t<\/div>\n\t\t\t\t<\/div>\n\t\t\t<\/div>\n\n\t\t\t\t\t\t<\/div>\n\t\t\t<\/div>\n\t\t<div class=\"vc_empty_space\"   style=\"height: 20px\"><span class=\"vc_empty_space_inner\"><\/span><\/div><\/div><\/div><\/div><\/div><div class=\"vc_row-full-width vc_clearfix\"><\/div><div data-vc-full-width=\"true\" data-vc-full-width-init=\"false\" data-vc-stretch-content=\"true\" class=\"vc_row wpb_row vc_row-fluid vc_row-no-padding\"><div class=\"wpb_column vc_column_container vc_col-sm-12\"><div class=\"vc_column-inner\"><div class=\"wpb_wrapper\">\t\t\t<div id=\"wd-5f75ff4d5ba70\" class=\"woodmart-row-divider wd-5f75ff4d5ba70 dvr-position-bottom dvr-style-sweet-wave\">\n\t\t\t\t<svg width=\"100%\" height=\"50px\" viewbox=\"0 0 1920 80\" xmlns=\"http:\/\/www.w3.org\/2000\/svg\" preserveaspectratio=\"none\">\n<path d=\"M0 20C0 20 169.5 0 510 0C850.5 0 1069.5 60 1410 60C1750.5 60 1920 20 1920 20V80H0V20Z\" \/>\n<\/svg>\n\t\t\t\t\t\t\t<\/div>\n\t\t<\/div><\/div><\/div><\/div><div class=\"vc_row-full-width vc_clearfix\"><\/div><\/section><div class=\"vc_row-full-width vc_clearfix\"><\/div>\n<\/div>","protected":false},"excerpt":{"rendered":"Testimonios de Nuestros Clientes Nuestro Favorito el Pastel de Pl\u00e1tano. \u00a1Excelente servicio en el local y ahora con el servicio","protected":false},"author":1,"featured_media":0,"parent":0,"menu_order":0,"comment_status":"closed","ping_status":"closed","template":"","meta":{"footnotes":""},"class_list":["post-12338","page","type-page","status-publish","hentry"],"_links":{"self":[{"href":"https:\/\/lospastelesdelaura.com\/en\/wp-json\/wp\/v2\/pages\/12338"}],"collection":[{"href":"https:\/\/lospastelesdelaura.com\/en\/wp-json\/wp\/v2\/pages"}],"about":[{"href":"https:\/\/lospastelesdelaura.com\/en\/wp-json\/wp\/v2\/types\/page"}],"author":[{"embeddable":true,"href":"https:\/\/lospastelesdelaura.com\/en\/wp-json\/wp\/v2\/users\/1"}],"replies":[{"embeddable":true,"href":"https:\/\/lospastelesdelaura.com\/en\/wp-json\/wp\/v2\/comments?post=12338"}],"version-history":[{"count":2,"href":"https:\/\/lospastelesdelaura.com\/en\/wp-json\/wp\/v2\/pages\/12338\/revisions"}],"predecessor-version":[{"id":18758,"href":"https:\/\/lospastelesdelaura.com\/en\/wp-json\/wp\/v2\/pages\/12338\/revisions\/18758"}],"wp:attachment":[{"href":"https:\/\/lospastelesdelaura.com\/en\/wp-json\/wp\/v2\/media?parent=12338"}],"curies":[{"name":"wp","href":"https:\/\/api.w.org\/{rel}","templated":true}]}}