{"id":15804,"date":"2022-05-11T18:28:52","date_gmt":"2022-05-11T23:28:52","guid":{"rendered":"https:\/\/lospastelesdelaura.com\/?post_type=product&#038;p=15804"},"modified":"2026-03-02T19:01:22","modified_gmt":"2026-03-03T01:01:22","slug":"school-cupcakes","status":"publish","type":"product","link":"https:\/\/lospastelesdelaura.com\/en\/product\/school-cupcakes\/","title":{"rendered":"School Cupcakes"},"content":{"rendered":"<p data-start=\"0\" data-end=\"26\"><strong data-start=\"0\" data-end=\"26\">School Cupcakes \ud83e\uddc1\ud83d\udcda\u270f\ufe0f<\/strong><\/p>\n<p data-start=\"28\" data-end=\"284\">Cupcakes tem\u00e1ticos inspirados en la escuela, perfectos para celebraciones escolares, cumplea\u00f1os o detalles especiales para maestros y alumnos. Cada cupcake est\u00e1 decorado con un adorable topper con dise\u00f1os escolares como planeta, manzana o l\u00e1piz.<\/p>\n<p data-start=\"286\" data-end=\"306\">Puedes elegir entre:<\/p>\n<ul data-start=\"307\" data-end=\"351\">\n<li data-start=\"307\" data-end=\"328\">\n<p data-start=\"309\" data-end=\"328\"><strong data-start=\"309\" data-end=\"328\">Pan de vainilla<\/strong><\/p>\n<\/li>\n<li data-start=\"329\" data-end=\"351\">\n<p data-start=\"331\" data-end=\"351\"><strong data-start=\"331\" data-end=\"351\">Pan de chocolate<\/strong><\/p>\n<\/li>\n<\/ul>\n<p data-start=\"353\" data-end=\"486\">Todos van cubiertos con <strong data-start=\"377\" data-end=\"407\">suave bet\u00fan de mantequilla<\/strong> y decorados con sprinkles de colores que les dan un toque divertido y festivo.<\/p>\n<p data-start=\"488\" data-end=\"503\">\u2728 Ideales para:<\/p>\n<ul data-start=\"504\" data-end=\"608\">\n<li data-start=\"504\" data-end=\"524\">\n<p data-start=\"506\" data-end=\"524\">Regreso a clases<\/p>\n<\/li>\n<li data-start=\"525\" data-end=\"551\">\n<p data-start=\"527\" data-end=\"551\">Cumplea\u00f1os en el sal\u00f3n<\/p>\n<\/li>\n<li data-start=\"552\" data-end=\"578\">\n<p data-start=\"554\" data-end=\"578\">Detalles para maestros<\/p>\n<\/li>\n<li data-start=\"579\" data-end=\"608\">\n<p data-start=\"581\" data-end=\"608\">Fiestas tem\u00e1ticas escolares<\/p>\n<\/li>\n<\/ul>\n<p data-start=\"610\" data-end=\"682\" data-is-last-node=\"\" data-is-only-node=\"\">Una opci\u00f3n deliciosa y divertida que encantar\u00e1 a ni\u00f1os y adultos. \ud83c\udf4e\ud83d\udcd3\ud83e\uddc1<\/p>","protected":false},"excerpt":{"rendered":"<p>School Cupcakes \ud83e\uddc1\ud83d\udcda\u270f\ufe0f Cupcakes tem\u00e1ticos inspirados en la escuela, perfectos para celebraciones escolares, cumplea\u00f1os o detalles especiales para maestros y<\/p>","protected":false},"featured_media":15808,"comment_status":"open","ping_status":"closed","template":"","meta":[],"product_cat":[151,133],"product_tag":[],"class_list":{"0":"post-15804","1":"product","2":"type-product","3":"status-publish","4":"has-post-thumbnail","6":"product_cat-cupcakes-tematicos","7":"product_cat-dia-del-maestro","9":"first","10":"instock","11":"shipping-taxable","12":"purchasable","13":"product-type-variable"},"_links":{"self":[{"href":"https:\/\/lospastelesdelaura.com\/en\/wp-json\/wp\/v2\/product\/15804"}],"collection":[{"href":"https:\/\/lospastelesdelaura.com\/en\/wp-json\/wp\/v2\/product"}],"about":[{"href":"https:\/\/lospastelesdelaura.com\/en\/wp-json\/wp\/v2\/types\/product"}],"replies":[{"embeddable":true,"href":"https:\/\/lospastelesdelaura.com\/en\/wp-json\/wp\/v2\/comments?post=15804"}],"wp:featuredmedia":[{"embeddable":true,"href":"https:\/\/lospastelesdelaura.com\/en\/wp-json\/wp\/v2\/media\/15808"}],"wp:attachment":[{"href":"https:\/\/lospastelesdelaura.com\/en\/wp-json\/wp\/v2\/media?parent=15804"}],"wp:term":[{"taxonomy":"product_cat","embeddable":true,"href":"https:\/\/lospastelesdelaura.com\/en\/wp-json\/wp\/v2\/product_cat?post=15804"},{"taxonomy":"product_tag","embeddable":true,"href":"https:\/\/lospastelesdelaura.com\/en\/wp-json\/wp\/v2\/product_tag?post=15804"}],"curies":[{"name":"wp","href":"https:\/\/api.w.org\/{rel}","templated":true}]}}