{"id":18737,"date":"2024-10-07T19:27:20","date_gmt":"2024-10-08T01:27:20","guid":{"rendered":"https:\/\/lospastelesdelaura.com\/?post_type=product&#038;p=18737"},"modified":"2025-07-25T14:10:19","modified_gmt":"2025-07-25T20:10:19","slug":"renta-base-dorada","status":"publish","type":"product","link":"https:\/\/lospastelesdelaura.com\/en\/product\/renta-base-dorada\/","title":{"rendered":"Golden base income"},"content":{"rendered":"<p>Measurements: diameter 16\u2033 x height 6\u2033<\/p>\n<p>Dep\u00f3sito: $1,500<\/p>\n<p>El dep\u00f3sito se puede pagar en efectivo o transferencia y se devuelve al momento de entregar la base en la sucursal de Calzada.<\/p>\n<p>La renta es por 3 d\u00edas. Si se devuelve despu\u00e9s de este plazo se debe pagar de nuevo el importe de la renta por los d\u00edas de retraso.<\/p>","protected":false},"excerpt":{"rendered":"<p>Medida: di\u00e1metro 16&#8243; x altura 6&#8243; Dep\u00f3sito: $1,500 El dep\u00f3sito se puede pagar en efectivo o transferencia y se devuelve<\/p>","protected":false},"featured_media":18792,"comment_status":"closed","ping_status":"closed","template":"","meta":[],"product_cat":[567],"product_tag":[],"class_list":{"0":"post-18737","1":"product","2":"type-product","3":"status-publish","4":"has-post-thumbnail","6":"product_cat-renta-de-bases","8":"first","9":"instock","10":"shipping-taxable","11":"purchasable","12":"product-type-simple"},"_links":{"self":[{"href":"https:\/\/lospastelesdelaura.com\/en\/wp-json\/wp\/v2\/product\/18737"}],"collection":[{"href":"https:\/\/lospastelesdelaura.com\/en\/wp-json\/wp\/v2\/product"}],"about":[{"href":"https:\/\/lospastelesdelaura.com\/en\/wp-json\/wp\/v2\/types\/product"}],"replies":[{"embeddable":true,"href":"https:\/\/lospastelesdelaura.com\/en\/wp-json\/wp\/v2\/comments?post=18737"}],"wp:featuredmedia":[{"embeddable":true,"href":"https:\/\/lospastelesdelaura.com\/en\/wp-json\/wp\/v2\/media\/18792"}],"wp:attachment":[{"href":"https:\/\/lospastelesdelaura.com\/en\/wp-json\/wp\/v2\/media?parent=18737"}],"wp:term":[{"taxonomy":"product_cat","embeddable":true,"href":"https:\/\/lospastelesdelaura.com\/en\/wp-json\/wp\/v2\/product_cat?post=18737"},{"taxonomy":"product_tag","embeddable":true,"href":"https:\/\/lospastelesdelaura.com\/en\/wp-json\/wp\/v2\/product_tag?post=18737"}],"curies":[{"name":"wp","href":"https:\/\/api.w.org\/{rel}","templated":true}]}}