{"id":6648,"date":"2016-06-08T13:00:36","date_gmt":"2016-06-08T18:00:36","guid":{"rendered":"https:\/\/lospastelesdelaura.com\/producto\/mini-pay-de-nuez-copiar\/"},"modified":"2026-05-11T09:38:14","modified_gmt":"2026-05-11T15:38:14","slug":"mini-pays-dulces-surtidos","status":"publish","type":"product","link":"https:\/\/lospastelesdelaura.com\/en\/product\/mini-pays-dulces-surtidos\/","title":{"rendered":"12 Assorted Mini Sweet Pies"},"content":{"rendered":"<p>Sabores a elecci\u00f3n seg\u00fan disponibilidad: fresa, blueberry, lim\u00f3n, pl\u00e1tano, mango*, nuez y\/o kiwi. Cada caja lleva m\u00e1ximo 3 sabores.<\/p>\n<p>*Only in season<\/p>","protected":false},"excerpt":{"rendered":"<p>Sabores a elecci\u00f3n seg\u00fan disponibilidad: fresa, blueberry, lim\u00f3n, pl\u00e1tano, mango*, nuez y\/o kiwi. Cada caja lleva m\u00e1ximo 3 sabores. *Solo<\/p>","protected":false},"featured_media":6652,"comment_status":"closed","ping_status":"closed","template":"","meta":[],"product_cat":[162,73,68],"product_tag":[],"class_list":{"0":"post-6648","1":"product","2":"type-product","3":"status-publish","4":"has-post-thumbnail","6":"product_cat-condolencias","7":"product_cat-galletas-brownies","8":"product_cat-pays-cheesecakes","10":"first","11":"instock","12":"shipping-taxable","13":"purchasable","14":"product-type-simple"},"_links":{"self":[{"href":"https:\/\/lospastelesdelaura.com\/en\/wp-json\/wp\/v2\/product\/6648"}],"collection":[{"href":"https:\/\/lospastelesdelaura.com\/en\/wp-json\/wp\/v2\/product"}],"about":[{"href":"https:\/\/lospastelesdelaura.com\/en\/wp-json\/wp\/v2\/types\/product"}],"replies":[{"embeddable":true,"href":"https:\/\/lospastelesdelaura.com\/en\/wp-json\/wp\/v2\/comments?post=6648"}],"wp:featuredmedia":[{"embeddable":true,"href":"https:\/\/lospastelesdelaura.com\/en\/wp-json\/wp\/v2\/media\/6652"}],"wp:attachment":[{"href":"https:\/\/lospastelesdelaura.com\/en\/wp-json\/wp\/v2\/media?parent=6648"}],"wp:term":[{"taxonomy":"product_cat","embeddable":true,"href":"https:\/\/lospastelesdelaura.com\/en\/wp-json\/wp\/v2\/product_cat?post=6648"},{"taxonomy":"product_tag","embeddable":true,"href":"https:\/\/lospastelesdelaura.com\/en\/wp-json\/wp\/v2\/product_tag?post=6648"}],"curies":[{"name":"wp","href":"https:\/\/api.w.org\/{rel}","templated":true}]}}